{"id":1321,"date":"2021-11-21T15:14:44","date_gmt":"2021-11-21T15:14:44","guid":{"rendered":"https:\/\/samspilogsprog.dk\/index.php\/contact\/"},"modified":"2023-07-21T10:56:01","modified_gmt":"2023-07-21T10:56:01","slug":"kontakt","status":"publish","type":"page","link":"https:\/\/samspilogsprog.dk\/index.php\/kontakt\/","title":{"rendered":"Kontakt"},"content":{"rendered":"\t\t<div data-elementor-type=\"wp-page\" data-elementor-id=\"1321\" class=\"elementor elementor-1321\">\n\t\t\t\t\t\t\t\t\t<section class=\"elementor-section elementor-top-section elementor-element elementor-element-6713cc3 elementor-section-height-min-height elementor-section-boxed elementor-section-height-default elementor-section-items-middle\" data-id=\"6713cc3\" data-element_type=\"section\" data-settings=\"{&quot;background_background&quot;:&quot;classic&quot;}\">\n\t\t\t\t\t\t\t<div class=\"elementor-background-overlay\"><\/div>\n\t\t\t\t\t\t\t<div class=\"elementor-container elementor-column-gap-default\">\n\t\t\t\t\t<div class=\"elementor-column elementor-col-100 elementor-top-column elementor-element elementor-element-ddcf7e8\" data-id=\"ddcf7e8\" data-element_type=\"column\">\n\t\t\t<div class=\"elementor-widget-wrap elementor-element-populated\">\n\t\t\t\t\t\t\t\t<div class=\"elementor-element elementor-element-9654805 elementor-widget elementor-widget-heading\" data-id=\"9654805\" data-element_type=\"widget\" data-widget_type=\"heading.default\">\n\t\t\t\t<div class=\"elementor-widget-container\">\n\t\t\t<style>\/*! elementor - v3.14.0 - 26-06-2023 *\/\n.elementor-heading-title{padding:0;margin:0;line-height:1}.elementor-widget-heading .elementor-heading-title[class*=elementor-size-]>a{color:inherit;font-size:inherit;line-height:inherit}.elementor-widget-heading .elementor-heading-title.elementor-size-small{font-size:15px}.elementor-widget-heading .elementor-heading-title.elementor-size-medium{font-size:19px}.elementor-widget-heading .elementor-heading-title.elementor-size-large{font-size:29px}.elementor-widget-heading .elementor-heading-title.elementor-size-xl{font-size:39px}.elementor-widget-heading .elementor-heading-title.elementor-size-xxl{font-size:59px}<\/style><h1 class=\"elementor-heading-title elementor-size-default\">Skriv til mig<\/h1>\t\t<\/div>\n\t\t\t\t<\/div>\n\t\t\t\t\t<\/div>\n\t\t<\/div>\n\t\t\t\t\t\t\t<\/div>\n\t\t<\/section>\n\t\t\t\t<section class=\"elementor-section elementor-top-section elementor-element elementor-element-67f828f elementor-section-boxed elementor-section-height-default elementor-section-height-default\" data-id=\"67f828f\" data-element_type=\"section\" data-settings=\"{&quot;background_background&quot;:&quot;classic&quot;}\">\n\t\t\t\t\t\t<div class=\"elementor-container elementor-column-gap-default\">\n\t\t\t\t\t<div class=\"elementor-column elementor-col-100 elementor-top-column elementor-element elementor-element-c2e76a9\" data-id=\"c2e76a9\" data-element_type=\"column\">\n\t\t\t<div class=\"elementor-widget-wrap elementor-element-populated\">\n\t\t\t\t\t\t\t\t<section class=\"elementor-section elementor-inner-section elementor-element elementor-element-59cf71f elementor-reverse-mobile elementor-section-full_width elementor-section-height-default elementor-section-height-default\" data-id=\"59cf71f\" data-element_type=\"section\">\n\t\t\t\t\t\t<div class=\"elementor-container elementor-column-gap-default\">\n\t\t\t\t\t<div class=\"elementor-column elementor-col-33 elementor-inner-column elementor-element elementor-element-715b4f3\" data-id=\"715b4f3\" data-element_type=\"column\">\n\t\t\t<div class=\"elementor-widget-wrap\">\n\t\t\t\t\t\t\t\t\t<\/div>\n\t\t<\/div>\n\t\t\t\t<div class=\"elementor-column elementor-col-33 elementor-inner-column elementor-element elementor-element-a389ae0\" data-id=\"a389ae0\" data-element_type=\"column\">\n\t\t\t<div class=\"elementor-widget-wrap elementor-element-populated\">\n\t\t\t\t\t\t\t\t<div class=\"elementor-element elementor-element-1506722 elementor-widget elementor-widget-heading\" data-id=\"1506722\" data-element_type=\"widget\" data-widget_type=\"heading.default\">\n\t\t\t\t<div class=\"elementor-widget-container\">\n\t\t\t<h4 class=\"elementor-heading-title elementor-size-default\">Skriv til mig<\/h4>\t\t<\/div>\n\t\t\t\t<\/div>\n\t\t\t\t<div class=\"elementor-element elementor-element-daf237d elementor-widget-tablet__width-inherit elementor-widget elementor-widget-shortcode\" data-id=\"daf237d\" data-element_type=\"widget\" data-widget_type=\"shortcode.default\">\n\t\t\t\t<div class=\"elementor-widget-container\">\n\t\t\t\t\t<div class=\"elementor-shortcode\"><div class=\"wpforms-container \" id=\"wpforms-21\"><form id=\"wpforms-form-21\" class=\"wpforms-validate wpforms-form wpforms-ajax-form\" data-formid=\"21\" method=\"post\" enctype=\"multipart\/form-data\" action=\"\/index.php\/wp-json\/wp\/v2\/pages\/1321\" data-token=\"bda86e59f315722e02e49bfffc707f95\"><noscript class=\"wpforms-error-noscript\">Please enable JavaScript in your browser to complete this form.<\/noscript><div class=\"wpforms-field-container\"><div id=\"wpforms-21-field_3-container\" class=\"wpforms-field wpforms-field-name\" data-field-id=\"3\"><label class=\"wpforms-field-label\" for=\"wpforms-21-field_3\">Navn <span class=\"wpforms-required-label\">*<\/span><\/label><input type=\"text\" id=\"wpforms-21-field_3\" class=\"wpforms-field-medium wpforms-field-required\" name=\"wpforms[fields][3]\" placeholder=\"Dit navn\" required><\/div><div id=\"wpforms-21-field_4-container\" class=\"wpforms-field wpforms-field-email\" data-field-id=\"4\"><label class=\"wpforms-field-label\" for=\"wpforms-21-field_4\">Email <span class=\"wpforms-required-label\">*<\/span><\/label><input type=\"email\" id=\"wpforms-21-field_4\" class=\"wpforms-field-medium wpforms-field-required\" name=\"wpforms[fields][4]\" placeholder=\"Din e-mail\" spellcheck=\"false\" required><\/div><div id=\"wpforms-21-field_5-container\" class=\"wpforms-field wpforms-field-textarea\" data-field-id=\"5\"><label class=\"wpforms-field-label\" for=\"wpforms-21-field_5\">Besked<\/label><textarea id=\"wpforms-21-field_5\" class=\"wpforms-field-medium\" name=\"wpforms[fields][5]\" placeholder=\"Skriv din besked her...\" ><\/textarea><\/div><\/div><!-- .wpforms-field-container --><div class=\"wpforms-submit-container\" ><input type=\"hidden\" name=\"wpforms[id]\" value=\"21\"><input type=\"hidden\" name=\"wpforms[author]\" value=\"1\"><button type=\"submit\" name=\"wpforms[submit]\" id=\"wpforms-submit-21\" class=\"wpforms-submit\" data-alt-text=\"Sender...\" data-submit-text=\"Send besked\" aria-live=\"assertive\" value=\"wpforms-submit\">Send besked<\/button><img loading=\"lazy\" decoding=\"async\" src=\"https:\/\/samspilogsprog.dk\/wp-content\/plugins\/wpforms-lite\/assets\/images\/submit-spin.svg\" class=\"wpforms-submit-spinner\" style=\"display: none;\" width=\"26\" height=\"26\" alt=\"Loading\"><\/div><\/form><\/div>  <!-- .wpforms-container --><\/div>\n\t\t\t\t<\/div>\n\t\t\t\t<\/div>\n\t\t\t\t\t<\/div>\n\t\t<\/div>\n\t\t\t\t<div class=\"elementor-column elementor-col-33 elementor-inner-column elementor-element elementor-element-e4f46c2\" data-id=\"e4f46c2\" data-element_type=\"column\">\n\t\t\t<div class=\"elementor-widget-wrap\">\n\t\t\t\t\t\t\t\t\t<\/div>\n\t\t<\/div>\n\t\t\t\t\t\t\t<\/div>\n\t\t<\/section>\n\t\t\t\t\t<\/div>\n\t\t<\/div>\n\t\t\t\t\t\t\t<\/div>\n\t\t<\/section>\n\t\t\t\t\t\t\t<\/div>\n\t\t","protected":false},"excerpt":{"rendered":"<p>Skriv til mig Skriv til mig<\/p>\n","protected":false},"author":1,"featured_media":0,"parent":0,"menu_order":0,"comment_status":"closed","ping_status":"closed","template":"","meta":{"site-sidebar-layout":"no-sidebar","site-content-layout":"page-builder","ast-global-header-display":"","ast-main-header-display":"","ast-hfb-above-header-display":"","ast-hfb-below-header-display":"","ast-hfb-mobile-header-display":"","site-post-title":"disabled","ast-breadcrumbs-content":"","ast-featured-img":"disabled","footer-sml-layout":"","theme-transparent-header-meta":"enabled","adv-header-id-meta":"","stick-header-meta":"","header-above-stick-meta":"","header-main-stick-meta":"","header-below-stick-meta":"","footnotes":""},"class_list":["post-1321","page","type-page","status-publish","hentry"],"yoast_head":"<!-- This site is optimized with the Yoast SEO plugin v19.13 - https:\/\/yoast.com\/wordpress\/plugins\/seo\/ -->\n<title>Kontakt - Samspil og Sprog<\/title>\n<meta name=\"description\" content=\"Hvis du \u00f8nsker lave en aftale, eller hvis du har sp\u00f8rgsm\u00e5l eller kommentarer, s\u00e5 send en besked til Samspil Og Sprog.\" \/>\n<meta name=\"robots\" content=\"index, follow, max-snippet:-1, max-image-preview:large, max-video-preview:-1\" \/>\n<link rel=\"canonical\" href=\"https:\/\/samspilogsprog.dk\/index.php\/kontakt\/\" \/>\n<meta property=\"og:locale\" content=\"da_DK\" \/>\n<meta property=\"og:type\" content=\"article\" \/>\n<meta property=\"og:title\" content=\"Kontakt - Samspil og Sprog\" \/>\n<meta property=\"og:description\" content=\"Hvis du \u00f8nsker lave en aftale, eller hvis du har sp\u00f8rgsm\u00e5l eller kommentarer, s\u00e5 send en besked til Samspil Og Sprog.\" \/>\n<meta property=\"og:url\" content=\"https:\/\/samspilogsprog.dk\/index.php\/kontakt\/\" \/>\n<meta property=\"og:site_name\" content=\"Samspil og Sprog\" \/>\n<meta property=\"article:modified_time\" content=\"2023-07-21T10:56:01+00:00\" \/>\n<meta name=\"twitter:card\" content=\"summary_large_image\" \/>\n<meta name=\"twitter:label1\" content=\"Estimeret l\u00e6setid\" \/>\n\t<meta name=\"twitter:data1\" content=\"1 minut\" \/>\n<script type=\"application\/ld+json\" class=\"yoast-schema-graph\">{\"@context\":\"https:\/\/schema.org\",\"@graph\":[{\"@type\":\"WebPage\",\"@id\":\"https:\/\/samspilogsprog.dk\/index.php\/kontakt\/\",\"url\":\"https:\/\/samspilogsprog.dk\/index.php\/kontakt\/\",\"name\":\"Kontakt - Samspil og Sprog\",\"isPartOf\":{\"@id\":\"https:\/\/samspilogsprog.dk\/#website\"},\"datePublished\":\"2021-11-21T15:14:44+00:00\",\"dateModified\":\"2023-07-21T10:56:01+00:00\",\"description\":\"Hvis du \u00f8nsker lave en aftale, eller hvis du har sp\u00f8rgsm\u00e5l eller kommentarer, s\u00e5 send en besked til Samspil Og Sprog.\",\"breadcrumb\":{\"@id\":\"https:\/\/samspilogsprog.dk\/index.php\/kontakt\/#breadcrumb\"},\"inLanguage\":\"da-DK\",\"potentialAction\":[{\"@type\":\"ReadAction\",\"target\":[\"https:\/\/samspilogsprog.dk\/index.php\/kontakt\/\"]}]},{\"@type\":\"BreadcrumbList\",\"@id\":\"https:\/\/samspilogsprog.dk\/index.php\/kontakt\/#breadcrumb\",\"itemListElement\":[{\"@type\":\"ListItem\",\"position\":1,\"name\":\"Hjem\",\"item\":\"https:\/\/samspilogsprog.dk\/\"},{\"@type\":\"ListItem\",\"position\":2,\"name\":\"Kontakt\"}]},{\"@type\":\"WebSite\",\"@id\":\"https:\/\/samspilogsprog.dk\/#website\",\"url\":\"https:\/\/samspilogsprog.dk\/\",\"name\":\"Samspil og Sprog\",\"description\":\"Samspil og Sprog besk\u00e6ftiger sig med vejledning i b\u00f8rns sproglige udvikling\",\"publisher\":{\"@id\":\"https:\/\/samspilogsprog.dk\/#organization\"},\"potentialAction\":[{\"@type\":\"SearchAction\",\"target\":{\"@type\":\"EntryPoint\",\"urlTemplate\":\"https:\/\/samspilogsprog.dk\/?s={search_term_string}\"},\"query-input\":\"required name=search_term_string\"}],\"inLanguage\":\"da-DK\"},{\"@type\":\"Organization\",\"@id\":\"https:\/\/samspilogsprog.dk\/#organization\",\"name\":\"Samspil og Sprog\",\"url\":\"https:\/\/samspilogsprog.dk\/\",\"logo\":{\"@type\":\"ImageObject\",\"inLanguage\":\"da-DK\",\"@id\":\"https:\/\/samspilogsprog.dk\/#\/schema\/logo\/image\/\",\"url\":\"https:\/\/samspilogsprog.dk\/wp-content\/uploads\/2023\/04\/soslogo.svg\",\"contentUrl\":\"https:\/\/samspilogsprog.dk\/wp-content\/uploads\/2023\/04\/soslogo.svg\",\"width\":100,\"height\":100,\"caption\":\"Samspil og Sprog\"},\"image\":{\"@id\":\"https:\/\/samspilogsprog.dk\/#\/schema\/logo\/image\/\"}}]}<\/script>\n<!-- \/ Yoast SEO plugin. -->","yoast_head_json":{"title":"Kontakt - Samspil og Sprog","description":"Hvis du \u00f8nsker lave en aftale, eller hvis du har sp\u00f8rgsm\u00e5l eller kommentarer, s\u00e5 send en besked til Samspil Og Sprog.","robots":{"index":"index","follow":"follow","max-snippet":"max-snippet:-1","max-image-preview":"max-image-preview:large","max-video-preview":"max-video-preview:-1"},"canonical":"https:\/\/samspilogsprog.dk\/index.php\/kontakt\/","og_locale":"da_DK","og_type":"article","og_title":"Kontakt - Samspil og Sprog","og_description":"Hvis du \u00f8nsker lave en aftale, eller hvis du har sp\u00f8rgsm\u00e5l eller kommentarer, s\u00e5 send en besked til Samspil Og Sprog.","og_url":"https:\/\/samspilogsprog.dk\/index.php\/kontakt\/","og_site_name":"Samspil og Sprog","article_modified_time":"2023-07-21T10:56:01+00:00","twitter_card":"summary_large_image","twitter_misc":{"Estimeret l\u00e6setid":"1 minut"},"schema":{"@context":"https:\/\/schema.org","@graph":[{"@type":"WebPage","@id":"https:\/\/samspilogsprog.dk\/index.php\/kontakt\/","url":"https:\/\/samspilogsprog.dk\/index.php\/kontakt\/","name":"Kontakt - Samspil og Sprog","isPartOf":{"@id":"https:\/\/samspilogsprog.dk\/#website"},"datePublished":"2021-11-21T15:14:44+00:00","dateModified":"2023-07-21T10:56:01+00:00","description":"Hvis du \u00f8nsker lave en aftale, eller hvis du har sp\u00f8rgsm\u00e5l eller kommentarer, s\u00e5 send en besked til Samspil Og Sprog.","breadcrumb":{"@id":"https:\/\/samspilogsprog.dk\/index.php\/kontakt\/#breadcrumb"},"inLanguage":"da-DK","potentialAction":[{"@type":"ReadAction","target":["https:\/\/samspilogsprog.dk\/index.php\/kontakt\/"]}]},{"@type":"BreadcrumbList","@id":"https:\/\/samspilogsprog.dk\/index.php\/kontakt\/#breadcrumb","itemListElement":[{"@type":"ListItem","position":1,"name":"Hjem","item":"https:\/\/samspilogsprog.dk\/"},{"@type":"ListItem","position":2,"name":"Kontakt"}]},{"@type":"WebSite","@id":"https:\/\/samspilogsprog.dk\/#website","url":"https:\/\/samspilogsprog.dk\/","name":"Samspil og Sprog","description":"Samspil og Sprog besk\u00e6ftiger sig med vejledning i b\u00f8rns sproglige udvikling","publisher":{"@id":"https:\/\/samspilogsprog.dk\/#organization"},"potentialAction":[{"@type":"SearchAction","target":{"@type":"EntryPoint","urlTemplate":"https:\/\/samspilogsprog.dk\/?s={search_term_string}"},"query-input":"required name=search_term_string"}],"inLanguage":"da-DK"},{"@type":"Organization","@id":"https:\/\/samspilogsprog.dk\/#organization","name":"Samspil og Sprog","url":"https:\/\/samspilogsprog.dk\/","logo":{"@type":"ImageObject","inLanguage":"da-DK","@id":"https:\/\/samspilogsprog.dk\/#\/schema\/logo\/image\/","url":"https:\/\/samspilogsprog.dk\/wp-content\/uploads\/2023\/04\/soslogo.svg","contentUrl":"https:\/\/samspilogsprog.dk\/wp-content\/uploads\/2023\/04\/soslogo.svg","width":100,"height":100,"caption":"Samspil og Sprog"},"image":{"@id":"https:\/\/samspilogsprog.dk\/#\/schema\/logo\/image\/"}}]}},"rttpg_featured_image_url":null,"rttpg_author":{"display_name":"admin","author_link":"https:\/\/samspilogsprog.dk\/index.php\/author\/hamleyburger\/"},"rttpg_comment":0,"rttpg_category":null,"rttpg_excerpt":"Skriv til mig Skriv til mig","_links":{"self":[{"href":"https:\/\/samspilogsprog.dk\/index.php\/wp-json\/wp\/v2\/pages\/1321","targetHints":{"allow":["GET"]}}],"collection":[{"href":"https:\/\/samspilogsprog.dk\/index.php\/wp-json\/wp\/v2\/pages"}],"about":[{"href":"https:\/\/samspilogsprog.dk\/index.php\/wp-json\/wp\/v2\/types\/page"}],"author":[{"embeddable":true,"href":"https:\/\/samspilogsprog.dk\/index.php\/wp-json\/wp\/v2\/users\/1"}],"replies":[{"embeddable":true,"href":"https:\/\/samspilogsprog.dk\/index.php\/wp-json\/wp\/v2\/comments?post=1321"}],"version-history":[{"count":32,"href":"https:\/\/samspilogsprog.dk\/index.php\/wp-json\/wp\/v2\/pages\/1321\/revisions"}],"predecessor-version":[{"id":1806,"href":"https:\/\/samspilogsprog.dk\/index.php\/wp-json\/wp\/v2\/pages\/1321\/revisions\/1806"}],"wp:attachment":[{"href":"https:\/\/samspilogsprog.dk\/index.php\/wp-json\/wp\/v2\/media?parent=1321"}],"curies":[{"name":"wp","href":"https:\/\/api.w.org\/{rel}","templated":true}]}}